{"id":68,"date":"2023-12-15T17:27:24","date_gmt":"2023-12-15T17:27:24","guid":{"rendered":"https:\/\/neu2023.rheder-maennerquartett.de\/?page_id=68"},"modified":"2023-12-16T17:24:25","modified_gmt":"2023-12-16T17:24:25","slug":"home","status":"publish","type":"page","link":"https:\/\/rheder-maennerquartett.de\/","title":{"rendered":"Start"},"content":{"rendered":"\t\t<div data-elementor-type=\"wp-page\" data-elementor-id=\"68\" class=\"elementor elementor-68\" data-elementor-post-type=\"page\">\n\t\t\t\t\t\t\t<div class=\"elementor-element elementor-element-a503c66 e-flex e-con-boxed e-con e-parent\" data-id=\"a503c66\" data-element_type=\"container\" data-settings=\"{&quot;content_width&quot;:&quot;boxed&quot;}\" data-core-v316-plus=\"true\">\n\t\t\t\t\t<div class=\"e-con-inner\">\n\t\t\t\t<div class=\"elementor-element elementor-element-f3b58d7 elementor-widget elementor-widget-text-editor\" data-id=\"f3b58d7\" data-element_type=\"widget\" data-widget_type=\"text-editor.default\">\n\t\t\t\t<div class=\"elementor-widget-container\">\n\t\t\t<style>\/*! elementor - v3.18.0 - 08-12-2023 *\/\n.elementor-widget-text-editor.elementor-drop-cap-view-stacked .elementor-drop-cap{background-color:#69727d;color:#fff}.elementor-widget-text-editor.elementor-drop-cap-view-framed .elementor-drop-cap{color:#69727d;border:3px solid;background-color:transparent}.elementor-widget-text-editor:not(.elementor-drop-cap-view-default) .elementor-drop-cap{margin-top:8px}.elementor-widget-text-editor:not(.elementor-drop-cap-view-default) .elementor-drop-cap-letter{width:1em;height:1em}.elementor-widget-text-editor .elementor-drop-cap{float:left;text-align:center;line-height:1;font-size:50px}.elementor-widget-text-editor .elementor-drop-cap-letter{display:inline-block}<\/style>\t\t\t\t<h5>Wir freuen uns, dass Sie unsere Seite entdeckt haben.<\/h5>\t\t\t\t\t\t<\/div>\n\t\t\t\t<\/div>\n\t\t\t\t\t<\/div>\n\t\t\t\t<\/div>\n\t\t<div class=\"elementor-element elementor-element-2c6f5f4 e-flex e-con-boxed e-con e-parent\" data-id=\"2c6f5f4\" data-element_type=\"container\" data-settings=\"{&quot;content_width&quot;:&quot;boxed&quot;}\" data-core-v316-plus=\"true\">\n\t\t\t\t\t<div class=\"e-con-inner\">\n\t\t\t\t<div class=\"elementor-element elementor-element-4e9b6c6 elementor-widget elementor-widget-image\" data-id=\"4e9b6c6\" data-element_type=\"widget\" data-widget_type=\"image.default\">\n\t\t\t\t<div class=\"elementor-widget-container\">\n\t\t\t<style>\/*! elementor - v3.18.0 - 08-12-2023 *\/\n.elementor-widget-image{text-align:center}.elementor-widget-image a{display:inline-block}.elementor-widget-image a img[src$=\".svg\"]{width:48px}.elementor-widget-image img{vertical-align:middle;display:inline-block}<\/style>\t\t\t\t\t\t\t\t\t\t\t\t<img fetchpriority=\"high\" decoding=\"async\" width=\"700\" height=\"254\" src=\"https:\/\/rheder-maennerquartett.de\/wp-content\/uploads\/2023\/12\/mq-bilder-1.jpg\" class=\"attachment-large size-large wp-image-172\" alt=\"\" srcset=\"https:\/\/rheder-maennerquartett.de\/wp-content\/uploads\/2023\/12\/mq-bilder-1.jpg 700w, https:\/\/rheder-maennerquartett.de\/wp-content\/uploads\/2023\/12\/mq-bilder-1-300x109.jpg 300w\" sizes=\"(max-width: 700px) 100vw, 700px\" \/>\t\t\t\t\t\t\t\t\t\t\t\t\t\t\t<\/div>\n\t\t\t\t<\/div>\n\t\t\t\t\t<\/div>\n\t\t\t\t<\/div>\n\t\t<div class=\"elementor-element elementor-element-c71cb8e e-flex e-con-boxed e-con e-parent\" data-id=\"c71cb8e\" data-element_type=\"container\" data-settings=\"{&quot;content_width&quot;:&quot;boxed&quot;}\" data-core-v316-plus=\"true\">\n\t\t\t\t\t<div class=\"e-con-inner\">\n\t\t\t\t<div class=\"elementor-element elementor-element-7964883 elementor-widget elementor-widget-text-editor\" data-id=\"7964883\" data-element_type=\"widget\" data-widget_type=\"text-editor.default\">\n\t\t\t\t<div class=\"elementor-widget-container\">\n\t\t\t\t\t\t\t<p>Wir sind vier sangesbegeisterte Freunde gleichen Alters aus Rhede. Man kennt uns als Interpreten des gepflegten vierstimmigen a-cappella-Gesanges.<\/p>\t\t\t\t\t\t<\/div>\n\t\t\t\t<\/div>\n\t\t\t\t\t<\/div>\n\t\t\t\t<\/div>\n\t\t<div class=\"elementor-element elementor-element-26a2521 e-flex e-con-boxed e-con e-parent\" data-id=\"26a2521\" data-element_type=\"container\" data-settings=\"{&quot;content_width&quot;:&quot;boxed&quot;}\" data-core-v316-plus=\"true\">\n\t\t\t\t\t<div class=\"e-con-inner\">\n\t\t<div class=\"elementor-element elementor-element-33ce6e9 e-con-full e-flex e-con e-child\" data-id=\"33ce6e9\" data-element_type=\"container\" data-settings=\"{&quot;content_width&quot;:&quot;full&quot;}\">\n\t\t\t\t<div class=\"elementor-element elementor-element-b28ae3d elementor-widget elementor-widget-text-editor\" data-id=\"b28ae3d\" data-element_type=\"widget\" data-widget_type=\"text-editor.default\">\n\t\t\t\t<div class=\"elementor-widget-container\">\n\t\t\t\t\t\t\t<p><span style=\"color: #f0f0f0;\">Bei unseren Auftritten singen wir perfekt abgestimmte Songs aller Stilrichtungen, oft mit einer Prise Humor gew\u00fcrzt. Von Sakral bis Humoreske umspannt unser Repertoire einen gro\u00dfen musikalischen Bogen.<\/span><br style=\"color: #f0f0f0;\" \/><span style=\"color: #f0f0f0;\">Gerne m\u00f6chten wir Sie einladen, mit uns auf eine muskalische Reise durch unsere beiden CDs zu gehen, unser Repertoire zu erkunden oder das Pressearchiv anzuschauen. Besonders m\u00f6chten wir Ihnen auch unsere Links ans Herz legen. Viel Spa\u00df beim St\u00f6bern.<\/span><\/p>\t\t\t\t\t\t<\/div>\n\t\t\t\t<\/div>\n\t\t\t\t<\/div>\n\t\t<div class=\"elementor-element elementor-element-04125e2 e-con-full e-flex e-con e-child\" data-id=\"04125e2\" data-element_type=\"container\" data-settings=\"{&quot;content_width&quot;:&quot;full&quot;}\">\n\t\t\t\t<div class=\"elementor-element elementor-element-aa42d41 elementor-widget elementor-widget-image\" data-id=\"aa42d41\" data-element_type=\"widget\" data-widget_type=\"image.default\">\n\t\t\t\t<div class=\"elementor-widget-container\">\n\t\t\t\t\t\t\t\t\t\t\t\t\t\t\t<img decoding=\"async\" width=\"284\" height=\"189\" src=\"https:\/\/rheder-maennerquartett.de\/wp-content\/uploads\/2023\/12\/kulturguuut2006cols2.jpg\" class=\"attachment-large size-large wp-image-173\" alt=\"\" \/>\t\t\t\t\t\t\t\t\t\t\t\t\t\t\t<\/div>\n\t\t\t\t<\/div>\n\t\t\t\t<\/div>\n\t\t\t\t\t<\/div>\n\t\t\t\t<\/div>\n\t\t<div class=\"elementor-element elementor-element-33e780b e-flex e-con-boxed e-con e-parent\" data-id=\"33e780b\" data-element_type=\"container\" data-settings=\"{&quot;content_width&quot;:&quot;boxed&quot;}\" data-core-v316-plus=\"true\">\n\t\t\t\t\t<div class=\"e-con-inner\">\n\t\t\t\t<div class=\"elementor-element elementor-element-96a820f elementor-widget elementor-widget-text-editor\" data-id=\"96a820f\" data-element_type=\"widget\" data-widget_type=\"text-editor.default\">\n\t\t\t\t<div class=\"elementor-widget-container\">\n\t\t\t\t\t\t\t\t\t\t\t\t\t<\/div>\n\t\t\t\t<\/div>\n\t\t\t\t\t<\/div>\n\t\t\t\t<\/div>\n\t\t<div class=\"elementor-element elementor-element-0c59263 e-flex e-con-boxed e-con e-parent\" data-id=\"0c59263\" data-element_type=\"container\" data-settings=\"{&quot;content_width&quot;:&quot;boxed&quot;}\" data-core-v316-plus=\"true\">\n\t\t\t\t\t<div class=\"e-con-inner\">\n\t\t\t\t\t<\/div>\n\t\t\t\t<\/div>\n\t\t\t\t\t\t\t<\/div>\n\t\t","protected":false},"excerpt":{"rendered":"<p>Wir freuen uns, dass Sie unsere Seite entdeckt haben. Wir sind vier sangesbegeisterte Freunde gleichen Alters aus Rhede. Man kennt uns als Interpreten des gepflegten vierstimmigen a-cappella-Gesanges. Bei unseren Auftritten singen wir perfekt abgestimmte Songs aller Stilrichtungen, oft mit einer Prise Humor gew\u00fcrzt. Von Sakral bis Humoreske umspannt unser Repertoire einen gro\u00dfen musikalischen Bogen.Gerne m\u00f6chten [&hellip;]<\/p>\n","protected":false},"author":1,"featured_media":0,"parent":0,"menu_order":0,"comment_status":"closed","ping_status":"closed","template":"elementor_header_footer","meta":{"footnotes":""},"class_list":["post-68","page","type-page","status-publish","hentry"],"_links":{"self":[{"href":"https:\/\/rheder-maennerquartett.de\/index.php?rest_route=\/wp\/v2\/pages\/68","targetHints":{"allow":["GET"]}}],"collection":[{"href":"https:\/\/rheder-maennerquartett.de\/index.php?rest_route=\/wp\/v2\/pages"}],"about":[{"href":"https:\/\/rheder-maennerquartett.de\/index.php?rest_route=\/wp\/v2\/types\/page"}],"author":[{"embeddable":true,"href":"https:\/\/rheder-maennerquartett.de\/index.php?rest_route=\/wp\/v2\/users\/1"}],"replies":[{"embeddable":true,"href":"https:\/\/rheder-maennerquartett.de\/index.php?rest_route=%2Fwp%2Fv2%2Fcomments&post=68"}],"version-history":[{"count":58,"href":"https:\/\/rheder-maennerquartett.de\/index.php?rest_route=\/wp\/v2\/pages\/68\/revisions"}],"predecessor-version":[{"id":553,"href":"https:\/\/rheder-maennerquartett.de\/index.php?rest_route=\/wp\/v2\/pages\/68\/revisions\/553"}],"wp:attachment":[{"href":"https:\/\/rheder-maennerquartett.de\/index.php?rest_route=%2Fwp%2Fv2%2Fmedia&parent=68"}],"curies":[{"name":"wp","href":"https:\/\/api.w.org\/{rel}","templated":true}]}}