{"id":64,"date":"2023-12-15T17:27:24","date_gmt":"2023-12-15T17:27:24","guid":{"rendered":"https:\/\/neu2023.rheder-maennerquartett.de\/?page_id=64"},"modified":"2023-12-16T14:52:00","modified_gmt":"2023-12-16T14:52:00","slug":"about","status":"publish","type":"page","link":"https:\/\/rheder-maennerquartett.de\/?page_id=64","title":{"rendered":"Das Quartett"},"content":{"rendered":"\t\t<div data-elementor-type=\"wp-page\" data-elementor-id=\"64\" class=\"elementor elementor-64\" data-elementor-post-type=\"page\">\n\t\t\t\t\t\t\t<div class=\"elementor-element elementor-element-7d1acdf e-flex e-con-boxed e-con e-parent\" data-id=\"7d1acdf\" data-element_type=\"container\" data-settings=\"{&quot;content_width&quot;:&quot;boxed&quot;}\" data-core-v316-plus=\"true\">\n\t\t\t\t\t<div class=\"e-con-inner\">\n\t\t<div class=\"elementor-element elementor-element-d2925b0 e-con-full e-flex e-con e-child\" data-id=\"d2925b0\" data-element_type=\"container\" data-settings=\"{&quot;content_width&quot;:&quot;full&quot;}\">\n\t\t\t\t<div class=\"elementor-element elementor-element-e67140f elementor-widget elementor-widget-text-editor\" data-id=\"e67140f\" data-element_type=\"widget\" data-widget_type=\"text-editor.default\">\n\t\t\t\t<div class=\"elementor-widget-container\">\n\t\t\t<style>\/*! elementor - v3.18.0 - 08-12-2023 *\/\n.elementor-widget-text-editor.elementor-drop-cap-view-stacked .elementor-drop-cap{background-color:#69727d;color:#fff}.elementor-widget-text-editor.elementor-drop-cap-view-framed .elementor-drop-cap{color:#69727d;border:3px solid;background-color:transparent}.elementor-widget-text-editor:not(.elementor-drop-cap-view-default) .elementor-drop-cap{margin-top:8px}.elementor-widget-text-editor:not(.elementor-drop-cap-view-default) .elementor-drop-cap-letter{width:1em;height:1em}.elementor-widget-text-editor .elementor-drop-cap{float:left;text-align:center;line-height:1;font-size:50px}.elementor-widget-text-editor .elementor-drop-cap-letter{display:inline-block}<\/style>\t\t\t\t<h5>Vier Musikbegeisterte aus Rhede<\/h5><p>Vier Musikbegeisterte aus Rhede mit Freude am anspruchsvollen mehrstimmigen a-cappella-Gesang stellen sich vor:<br \/>Bei Ihren Auftritten begeistert das Vokalensemble durch perfekt abgestimmten abwechslungsreichen Gesang verschiedenster Stilrichtungen und Musikepochen.<\/p><p>Mit einem umfassenden Repertoire &#8211; von &#8222;Abend am Niederrhein&#8220; bis &#8222;Zottelmarsch&#8220; &#8211; \u00fcberzeugen die S\u00e4nger durch unverwechselbare, fesselnde Interpretation. Mal zeigt sich das Ensemble schwungvoll bis explosiv, mal verbreiten sie bei authentischem Flair mit romantischen Liedgut G\u00e4nsehaut-Feeling<br \/>Gern singen sie &#8222;aus dem \u00c4rmel&#8220; &#8211; ohne gro\u00dfe Umst\u00e4nde, einfach so, weil es eben Spa\u00df macht.<\/p><p>F\u00fcr ihre Freizeit haben sie sich ganz dem gepflegten-mehrstimmigen a-cappella-Gesang verschrieben. Daher singen die Herren auch in einem 10-fachen Meisterchor des S\u00e4ngerbundes NRW, dem &#8222;Quartettverein Bocholt e.V.&#8220;<\/p>\t\t\t\t\t\t<\/div>\n\t\t\t\t<\/div>\n\t\t\t\t<\/div>\n\t\t<div class=\"elementor-element elementor-element-c7a194d e-con-full e-flex e-con e-child\" data-id=\"c7a194d\" data-element_type=\"container\" data-settings=\"{&quot;content_width&quot;:&quot;full&quot;}\">\n\t\t\t\t<div class=\"elementor-element elementor-element-c7148f1 elementor-widget elementor-widget-image\" data-id=\"c7148f1\" data-element_type=\"widget\" data-widget_type=\"image.default\">\n\t\t\t\t<div class=\"elementor-widget-container\">\n\t\t\t<style>\/*! elementor - v3.18.0 - 08-12-2023 *\/\n.elementor-widget-image{text-align:center}.elementor-widget-image a{display:inline-block}.elementor-widget-image a img[src$=\".svg\"]{width:48px}.elementor-widget-image img{vertical-align:middle;display:inline-block}<\/style>\t\t\t\t\t\t\t\t\t\t\t\t<img fetchpriority=\"high\" decoding=\"async\" width=\"600\" height=\"800\" src=\"https:\/\/rheder-maennerquartett.de\/wp-content\/uploads\/2023\/12\/rheder_mnnerquartett_3_20111202_1624555066.jpg\" class=\"attachment-large size-large wp-image-201\" alt=\"\" srcset=\"https:\/\/rheder-maennerquartett.de\/wp-content\/uploads\/2023\/12\/rheder_mnnerquartett_3_20111202_1624555066.jpg 600w, https:\/\/rheder-maennerquartett.de\/wp-content\/uploads\/2023\/12\/rheder_mnnerquartett_3_20111202_1624555066-225x300.jpg 225w\" sizes=\"(max-width: 600px) 100vw, 600px\" \/>\t\t\t\t\t\t\t\t\t\t\t\t\t\t\t<\/div>\n\t\t\t\t<\/div>\n\t\t\t\t<\/div>\n\t\t\t\t\t<\/div>\n\t\t\t\t<\/div>\n\t\t<div class=\"elementor-element elementor-element-b212ac7 e-flex e-con-boxed e-con e-parent\" data-id=\"b212ac7\" data-element_type=\"container\" data-settings=\"{&quot;content_width&quot;:&quot;boxed&quot;}\" data-core-v316-plus=\"true\">\n\t\t\t\t\t<div class=\"e-con-inner\">\n\t\t<div class=\"elementor-element elementor-element-abb929d e-con-full e-flex e-con e-child\" data-id=\"abb929d\" data-element_type=\"container\" data-settings=\"{&quot;content_width&quot;:&quot;full&quot;}\">\n\t\t\t\t<div class=\"elementor-element elementor-element-ee17116 elementor-widget elementor-widget-image\" data-id=\"ee17116\" data-element_type=\"widget\" data-widget_type=\"image.default\">\n\t\t\t\t<div class=\"elementor-widget-container\">\n\t\t\t\t\t\t\t\t\t\t\t\t\t\t\t<img decoding=\"async\" width=\"158\" height=\"118\" src=\"https:\/\/rheder-maennerquartett.de\/wp-content\/uploads\/2023\/12\/bernie_live.jpg\" class=\"attachment-large size-large wp-image-208\" alt=\"\" \/>\t\t\t\t\t\t\t\t\t\t\t\t\t\t\t<\/div>\n\t\t\t\t<\/div>\n\t\t\t\t<\/div>\n\t\t<div class=\"elementor-element elementor-element-d8d9378 e-con-full e-flex e-con e-child\" data-id=\"d8d9378\" data-element_type=\"container\" data-settings=\"{&quot;content_width&quot;:&quot;full&quot;}\">\n\t\t\t\t<div class=\"elementor-element elementor-element-43b0880 elementor-widget elementor-widget-text-editor\" data-id=\"43b0880\" data-element_type=\"widget\" data-widget_type=\"text-editor.default\">\n\t\t\t\t<div class=\"elementor-widget-container\">\n\t\t\t\t\t\t\t<h5>Bernd<\/h5><p>Sch\u00f6ne Stimme mit ausgepr\u00e4gtem lyrisch angehauchtem Nachtigallentremolo.<br \/>Lammfromm in Person mutiert er auf seinem Rennrad zum rei\u00dfenden Wolf.<\/p>\t\t\t\t\t\t<\/div>\n\t\t\t\t<\/div>\n\t\t\t\t<\/div>\n\t\t\t\t\t<\/div>\n\t\t\t\t<\/div>\n\t\t<div class=\"elementor-element elementor-element-9e1451d e-flex e-con-boxed e-con e-parent\" data-id=\"9e1451d\" data-element_type=\"container\" data-settings=\"{&quot;content_width&quot;:&quot;boxed&quot;}\" data-core-v316-plus=\"true\">\n\t\t\t\t\t<div class=\"e-con-inner\">\n\t\t<div class=\"elementor-element elementor-element-9d5941b e-con-full e-flex e-con e-child\" data-id=\"9d5941b\" data-element_type=\"container\" data-settings=\"{&quot;content_width&quot;:&quot;full&quot;}\">\n\t\t\t\t<div class=\"elementor-element elementor-element-edc1e40 elementor-widget elementor-widget-image\" data-id=\"edc1e40\" data-element_type=\"widget\" data-widget_type=\"image.default\">\n\t\t\t\t<div class=\"elementor-widget-container\">\n\t\t\t\t\t\t\t\t\t\t\t\t\t\t\t<img decoding=\"async\" width=\"158\" height=\"118\" src=\"https:\/\/rheder-maennerquartett.de\/wp-content\/uploads\/2023\/12\/jupp_live.jpg\" class=\"attachment-large size-large wp-image-209\" alt=\"\" \/>\t\t\t\t\t\t\t\t\t\t\t\t\t\t\t<\/div>\n\t\t\t\t<\/div>\n\t\t\t\t<\/div>\n\t\t<div class=\"elementor-element elementor-element-3c64307 e-con-full e-flex e-con e-child\" data-id=\"3c64307\" data-element_type=\"container\" data-settings=\"{&quot;content_width&quot;:&quot;full&quot;}\">\n\t\t\t\t<div class=\"elementor-element elementor-element-86dd356 elementor-widget elementor-widget-text-editor\" data-id=\"86dd356\" data-element_type=\"widget\" data-widget_type=\"text-editor.default\">\n\t\t\t\t<div class=\"elementor-widget-container\">\n\t\t\t\t\t\t\t<h5>Jupp<\/h5><p>Als Schreiner liebt er die Bretter, die die Welt bedeuten. Mit seinem Stimmpart windet er sich smart um die anderen herum &#8211; ohne sie zu zers\u00e4gen oder einzuwickeln.<\/p>\t\t\t\t\t\t<\/div>\n\t\t\t\t<\/div>\n\t\t\t\t<\/div>\n\t\t\t\t\t<\/div>\n\t\t\t\t<\/div>\n\t\t<div class=\"elementor-element elementor-element-8afb945 e-flex e-con-boxed e-con e-parent\" data-id=\"8afb945\" data-element_type=\"container\" data-settings=\"{&quot;content_width&quot;:&quot;boxed&quot;}\" data-core-v316-plus=\"true\">\n\t\t\t\t\t<div class=\"e-con-inner\">\n\t\t<div class=\"elementor-element elementor-element-8cfc887 e-con-full e-flex e-con e-child\" data-id=\"8cfc887\" data-element_type=\"container\" data-settings=\"{&quot;content_width&quot;:&quot;full&quot;}\">\n\t\t\t\t<div class=\"elementor-element elementor-element-e7ec861 elementor-widget elementor-widget-image\" data-id=\"e7ec861\" data-element_type=\"widget\" data-widget_type=\"image.default\">\n\t\t\t\t<div class=\"elementor-widget-container\">\n\t\t\t\t\t\t\t\t\t\t\t\t\t\t\t<img loading=\"lazy\" decoding=\"async\" width=\"158\" height=\"118\" src=\"https:\/\/rheder-maennerquartett.de\/wp-content\/uploads\/2023\/12\/joeppe_live.jpg\" class=\"attachment-large size-large wp-image-210\" alt=\"\" \/>\t\t\t\t\t\t\t\t\t\t\t\t\t\t\t<\/div>\n\t\t\t\t<\/div>\n\t\t\t\t<\/div>\n\t\t<div class=\"elementor-element elementor-element-60410cc e-con-full e-flex e-con e-child\" data-id=\"60410cc\" data-element_type=\"container\" data-settings=\"{&quot;content_width&quot;:&quot;full&quot;}\">\n\t\t\t\t<div class=\"elementor-element elementor-element-a473acd elementor-widget elementor-widget-text-editor\" data-id=\"a473acd\" data-element_type=\"widget\" data-widget_type=\"text-editor.default\">\n\t\t\t\t<div class=\"elementor-widget-container\">\n\t\t\t\t\t\t\t<h5>J\u00f6ppe<\/h5><p>Ausgestattet mit wohlklingendem Bariton hat er einen ausgepr\u00e4gten Sinn f\u00fcr sch\u00f6ne T\u00f6ne und Harmonien.<br \/>&#8222;Unser aller Chef&#8220; wird er ehrf\u00fcrchtig genannt.<\/p>\t\t\t\t\t\t<\/div>\n\t\t\t\t<\/div>\n\t\t\t\t<\/div>\n\t\t\t\t\t<\/div>\n\t\t\t\t<\/div>\n\t\t<div class=\"elementor-element elementor-element-56352c5 e-flex e-con-boxed e-con e-parent\" data-id=\"56352c5\" data-element_type=\"container\" data-settings=\"{&quot;content_width&quot;:&quot;boxed&quot;}\" data-core-v316-plus=\"true\">\n\t\t\t\t\t<div class=\"e-con-inner\">\n\t\t<div class=\"elementor-element elementor-element-fd6f91c e-con-full e-flex e-con e-child\" data-id=\"fd6f91c\" data-element_type=\"container\" data-settings=\"{&quot;content_width&quot;:&quot;full&quot;}\">\n\t\t\t\t<div class=\"elementor-element elementor-element-b6f88cd elementor-widget elementor-widget-image\" data-id=\"b6f88cd\" data-element_type=\"widget\" data-widget_type=\"image.default\">\n\t\t\t\t<div class=\"elementor-widget-container\">\n\t\t\t\t\t\t\t\t\t\t\t\t\t\t\t<img loading=\"lazy\" decoding=\"async\" width=\"158\" height=\"112\" src=\"https:\/\/rheder-maennerquartett.de\/wp-content\/uploads\/2023\/12\/bucky_live.jpg\" class=\"attachment-large size-large wp-image-211\" alt=\"\" \/>\t\t\t\t\t\t\t\t\t\t\t\t\t\t\t<\/div>\n\t\t\t\t<\/div>\n\t\t\t\t<\/div>\n\t\t<div class=\"elementor-element elementor-element-5fab7be e-con-full e-flex e-con e-child\" data-id=\"5fab7be\" data-element_type=\"container\" data-settings=\"{&quot;content_width&quot;:&quot;full&quot;}\">\n\t\t\t\t<div class=\"elementor-element elementor-element-1f47304 elementor-widget elementor-widget-text-editor\" data-id=\"1f47304\" data-element_type=\"widget\" data-widget_type=\"text-editor.default\">\n\t\t\t\t<div class=\"elementor-widget-container\">\n\t\t\t\t\t\t\t<h5>Bucky<\/h5><p>Seine grubentiefe profunde Bassstimme erzeugt starke Vibrationen, Gl\u00e4ser fallen um und beim Telefonieren ist bitte immer auf Sicherheitsabstand zu achten!!!<\/p>\t\t\t\t\t\t<\/div>\n\t\t\t\t<\/div>\n\t\t\t\t<\/div>\n\t\t\t\t\t<\/div>\n\t\t\t\t<\/div>\n\t\t\t\t\t\t\t<\/div>\n\t\t","protected":false},"excerpt":{"rendered":"<p>Vier Musikbegeisterte aus Rhede Vier Musikbegeisterte aus Rhede mit Freude am anspruchsvollen mehrstimmigen a-cappella-Gesang stellen sich vor:Bei Ihren Auftritten begeistert das Vokalensemble durch perfekt abgestimmten abwechslungsreichen Gesang verschiedenster Stilrichtungen und Musikepochen. Mit einem umfassenden Repertoire &#8211; von &#8222;Abend am Niederrhein&#8220; bis &#8222;Zottelmarsch&#8220; &#8211; \u00fcberzeugen die S\u00e4nger durch unverwechselbare, fesselnde Interpretation. Mal zeigt sich das Ensemble [&hellip;]<\/p>\n","protected":false},"author":1,"featured_media":67,"parent":0,"menu_order":0,"comment_status":"closed","ping_status":"closed","template":"elementor_header_footer","meta":{"footnotes":""},"class_list":["post-64","page","type-page","status-publish","has-post-thumbnail","hentry"],"_links":{"self":[{"href":"https:\/\/rheder-maennerquartett.de\/index.php?rest_route=\/wp\/v2\/pages\/64","targetHints":{"allow":["GET"]}}],"collection":[{"href":"https:\/\/rheder-maennerquartett.de\/index.php?rest_route=\/wp\/v2\/pages"}],"about":[{"href":"https:\/\/rheder-maennerquartett.de\/index.php?rest_route=\/wp\/v2\/types\/page"}],"author":[{"embeddable":true,"href":"https:\/\/rheder-maennerquartett.de\/index.php?rest_route=\/wp\/v2\/users\/1"}],"replies":[{"embeddable":true,"href":"https:\/\/rheder-maennerquartett.de\/index.php?rest_route=%2Fwp%2Fv2%2Fcomments&post=64"}],"version-history":[{"count":23,"href":"https:\/\/rheder-maennerquartett.de\/index.php?rest_route=\/wp\/v2\/pages\/64\/revisions"}],"predecessor-version":[{"id":505,"href":"https:\/\/rheder-maennerquartett.de\/index.php?rest_route=\/wp\/v2\/pages\/64\/revisions\/505"}],"wp:featuredmedia":[{"embeddable":true,"href":"https:\/\/rheder-maennerquartett.de\/index.php?rest_route=\/wp\/v2\/media\/67"}],"wp:attachment":[{"href":"https:\/\/rheder-maennerquartett.de\/index.php?rest_route=%2Fwp%2Fv2%2Fmedia&parent=64"}],"curies":[{"name":"wp","href":"https:\/\/api.w.org\/{rel}","templated":true}]}}