{"id":465,"date":"2023-12-16T10:37:39","date_gmt":"2023-12-16T10:37:39","guid":{"rendered":"https:\/\/neu2023.rheder-maennerquartett.de\/?page_id=465"},"modified":"2023-12-16T10:56:51","modified_gmt":"2023-12-16T10:56:51","slug":"haftungsausschluss","status":"publish","type":"page","link":"https:\/\/rheder-maennerquartett.de\/?page_id=465","title":{"rendered":"Haftungsausschluss"},"content":{"rendered":"\t\t<div data-elementor-type=\"wp-page\" data-elementor-id=\"465\" class=\"elementor elementor-465\" data-elementor-post-type=\"page\">\n\t\t\t\t\t\t\t<div class=\"elementor-element elementor-element-333877e e-flex e-con-boxed e-con e-parent\" data-id=\"333877e\" data-element_type=\"container\" data-settings=\"{&quot;content_width&quot;:&quot;boxed&quot;}\" data-core-v316-plus=\"true\">\n\t\t\t\t\t<div class=\"e-con-inner\">\n\t\t\t\t<div class=\"elementor-element elementor-element-8804063 elementor-widget elementor-widget-text-editor\" data-id=\"8804063\" data-element_type=\"widget\" data-widget_type=\"text-editor.default\">\n\t\t\t\t<div class=\"elementor-widget-container\">\n\t\t\t<style>\/*! elementor - v3.18.0 - 08-12-2023 *\/\n.elementor-widget-text-editor.elementor-drop-cap-view-stacked .elementor-drop-cap{background-color:#69727d;color:#fff}.elementor-widget-text-editor.elementor-drop-cap-view-framed .elementor-drop-cap{color:#69727d;border:3px solid;background-color:transparent}.elementor-widget-text-editor:not(.elementor-drop-cap-view-default) .elementor-drop-cap{margin-top:8px}.elementor-widget-text-editor:not(.elementor-drop-cap-view-default) .elementor-drop-cap-letter{width:1em;height:1em}.elementor-widget-text-editor .elementor-drop-cap{float:left;text-align:center;line-height:1;font-size:50px}.elementor-widget-text-editor .elementor-drop-cap-letter{display:inline-block}<\/style>\t\t\t\t<p>Falls Sie Fragen oder Anregungen zum Inhalt haben, wenden Sie sich bitte an:<\/p><p>Burghard Theling<br \/>Wibbeltstr.11<br \/>46414 Rhede<\/p><p>\u00a0<\/p><p>Nach \u00a7 28 Abs. 3 Bundesdatenschutzgesetz widersprechen wir der Nutzung<br \/>unserer Daten f\u00fcr Werbezwecke oder f\u00fcr die Markt- und Meinungsforschung.<\/p><p>Das Rheder M\u00e4nnerquartett ist nicht f\u00fcr Seiten die durch eine Verkn\u00fcpfung(Link) von www.rheder-m\u00e4nnerquartett.de und www.m\u00e4nnerquartett.de erreicht werden k\u00f6nnen, verantwortlich und schlie\u00dft eine Haftung f\u00fcr diese Inhalte aus.<\/p><p>Wir bem\u00fchen uns bei allen Ver\u00f6ffentlichungen den Urheberrechten zu entsprechen. Genannte Waren- und Markenzeichen sind nicht unbedingt als solche kenntlich gemacht.<br \/>Falls Sie einen Versto\u00df gegen eigene Rechte oder Rechte Dritter feststellen, bitten wir um kurze Information um die n\u00f6tigen Korrekturen vornehmen zu k\u00f6nnen.<\/p><p>weitere Informationen unter www.disclaimer.de<\/p>\t\t\t\t\t\t<\/div>\n\t\t\t\t<\/div>\n\t\t\t\t\t<\/div>\n\t\t\t\t<\/div>\n\t\t\t\t\t\t\t<\/div>\n\t\t","protected":false},"excerpt":{"rendered":"<p>Falls Sie Fragen oder Anregungen zum Inhalt haben, wenden Sie sich bitte an: Burghard ThelingWibbeltstr.1146414 Rhede \u00a0 Nach \u00a7 28 Abs. 3 Bundesdatenschutzgesetz widersprechen wir der Nutzungunserer Daten f\u00fcr Werbezwecke oder f\u00fcr die Markt- und Meinungsforschung. Das Rheder M\u00e4nnerquartett ist nicht f\u00fcr Seiten die durch eine Verkn\u00fcpfung(Link) von www.rheder-m\u00e4nnerquartett.de und www.m\u00e4nnerquartett.de erreicht werden k\u00f6nnen, verantwortlich [&hellip;]<\/p>\n","protected":false},"author":1,"featured_media":0,"parent":0,"menu_order":0,"comment_status":"closed","ping_status":"closed","template":"elementor_header_footer","meta":{"footnotes":""},"class_list":["post-465","page","type-page","status-publish","hentry"],"_links":{"self":[{"href":"https:\/\/rheder-maennerquartett.de\/index.php?rest_route=\/wp\/v2\/pages\/465","targetHints":{"allow":["GET"]}}],"collection":[{"href":"https:\/\/rheder-maennerquartett.de\/index.php?rest_route=\/wp\/v2\/pages"}],"about":[{"href":"https:\/\/rheder-maennerquartett.de\/index.php?rest_route=\/wp\/v2\/types\/page"}],"author":[{"embeddable":true,"href":"https:\/\/rheder-maennerquartett.de\/index.php?rest_route=\/wp\/v2\/users\/1"}],"replies":[{"embeddable":true,"href":"https:\/\/rheder-maennerquartett.de\/index.php?rest_route=%2Fwp%2Fv2%2Fcomments&post=465"}],"version-history":[{"count":7,"href":"https:\/\/rheder-maennerquartett.de\/index.php?rest_route=\/wp\/v2\/pages\/465\/revisions"}],"predecessor-version":[{"id":481,"href":"https:\/\/rheder-maennerquartett.de\/index.php?rest_route=\/wp\/v2\/pages\/465\/revisions\/481"}],"wp:attachment":[{"href":"https:\/\/rheder-maennerquartett.de\/index.php?rest_route=%2Fwp%2Fv2%2Fmedia&parent=465"}],"curies":[{"name":"wp","href":"https:\/\/api.w.org\/{rel}","templated":true}]}}