{"id":255,"date":"2023-12-15T22:25:42","date_gmt":"2023-12-15T22:25:42","guid":{"rendered":"https:\/\/neu2023.rheder-maennerquartett.de\/?page_id=255"},"modified":"2023-12-15T23:52:44","modified_gmt":"2023-12-15T23:52:44","slug":"pressearchiv","status":"publish","type":"page","link":"https:\/\/rheder-maennerquartett.de\/?page_id=255","title":{"rendered":"Pressearchiv"},"content":{"rendered":"\t\t<div data-elementor-type=\"wp-page\" data-elementor-id=\"255\" class=\"elementor elementor-255\" data-elementor-post-type=\"page\">\n\t\t\t\t\t\t\t<div class=\"elementor-element elementor-element-d8a1963 e-flex e-con-boxed e-con e-parent\" data-id=\"d8a1963\" data-element_type=\"container\" data-settings=\"{&quot;content_width&quot;:&quot;boxed&quot;}\" data-core-v316-plus=\"true\">\n\t\t\t\t\t<div class=\"e-con-inner\">\n\t\t\t\t<div class=\"elementor-element elementor-element-7fab7b2 elementor-widget elementor-widget-text-editor\" data-id=\"7fab7b2\" data-element_type=\"widget\" data-widget_type=\"text-editor.default\">\n\t\t\t\t<div class=\"elementor-widget-container\">\n\t\t\t<style>\/*! elementor - v3.18.0 - 08-12-2023 *\/\n.elementor-widget-text-editor.elementor-drop-cap-view-stacked .elementor-drop-cap{background-color:#69727d;color:#fff}.elementor-widget-text-editor.elementor-drop-cap-view-framed .elementor-drop-cap{color:#69727d;border:3px solid;background-color:transparent}.elementor-widget-text-editor:not(.elementor-drop-cap-view-default) .elementor-drop-cap{margin-top:8px}.elementor-widget-text-editor:not(.elementor-drop-cap-view-default) .elementor-drop-cap-letter{width:1em;height:1em}.elementor-widget-text-editor .elementor-drop-cap{float:left;text-align:center;line-height:1;font-size:50px}.elementor-widget-text-editor .elementor-drop-cap-letter{display:inline-block}<\/style>\t\t\t\t<div class=\"leading-0\"><div class=\"page-header\"><h2>&#8222;Querbeet&#8220; mit dem M\u00e4nner-Quartett c. BBV 26.11.2011 (sh)<\/h2><\/div><p><strong><img fetchpriority=\"high\" decoding=\"async\" src=\"https:\/\/rheder-maennerquartett.de\/images\/originals\/bildergalerie_2\/106_0653_20111202_1841514632.jpg\" alt=\"106 0653 20111202 1841514632\" width=\"300\" height=\"200\" \/><br \/>Neue CD der S\u00e4nger ist ab sofort im B\u00fcrgerb\u00fcro zu haben \/ Von Kirchenliedern bis Pop<\/strong><\/p><div><div><div><div><div><strong>Die vier Freunde\u00a0(von links)<\/strong><\/div><div>Josef Thebinbu\u00df,<\/div><div>Bernd Driver,<\/div><div>Josef Grunden und<\/div><div>Burghard Theling<\/div><div>bilden das<\/div><div>Rheder M\u00e4nner-Quartett.<\/div><div>\u00a0<\/div><div>Rhede\u00a0 (sh). Ihre erste CD brachten die vier Freunde vor gut zehn Jahren heraus, die zweite war nur f\u00fcr Familie und Freunde bestimmt.<\/div><div>Nun legt das Rheder M\u00e4nner-Quartett\u00a0 eine neue Scheibe vor. &#8222;Querbeet&#8220; lautet der Titel der CD, die ab sofort im B\u00fcrgerb\u00fcro, auf dem Weihnachtsmarkt und<\/div><div><p>bei den S\u00e4ngern zu bekommen ist. Der Titel passt. Denn f\u00fcr &#8222;Querbeet&#8220; w\u00e4hlten Bernd Driver, Josef Thebingbu\u00df, Josef Grunden und Burghard Theling 22 Titel aus ihrem Repertoire, das von sakralen Titeln wie &#8222;Gn\u00e4dig und barmherzig&#8220; \u00fcber den Udo-J\u00fcrgens-Klassiker &#8222;Ich war noch niemals in New York&#8220; bis hin zur witzigen Umdichtung wie &#8222;H\u00e4hnchen von Tharau&#8220; (statt \u00c4nnchen von Tharau) reicht.<\/p><div><div><p>Mit der Mischung werde der Zuh\u00f6rer schon gefordert, sagt Josef Thebingbu\u00df. Und f\u00fcgt scherzhaft hinzu: &#8222;Das ist eine brutale Mischung.&#8220;<\/p><div>Aber: &#8222;Wir wollten unsere Bandbreite mal vorstellen.&#8220; Weil die vier Freunde bei ganz unterschiedlichen Anl\u00e4ssen auftreten, ist das Repertoire entsprechend breit gef\u00e4chert. Das Rheder M\u00e4nner-Quartett tritt bei Hochzeiten, Geburtstagen, Jubil\u00e4en und anderen Feiern auf &#8211; mit Schlagern, Kirchenmusik, Pop und Klassik.<strong><br \/><\/strong><\/div><div><div>\u00a0<\/div><div>Das findet sich auf der CD wieder, die eben &#8222;querbeet&#8220; ist. Mit der Produktion haben sich die Freunde Zeit gelassen. Fast zwei Jahre dauerte es, bis alle Aufnahmen fertig waren. &#8222;Wir haben uns keinen Stress gemacht&#8220;, sagt Thebingbu\u00df, aber eine Menge Arbeit sei es trotzdem gewesen. &#8222;Man glaubt gar nicht, wie schwierig es ist, ein St\u00fcck fehlerfrei zu singen.&#8220; Schlie\u00dflich solle so eine CD &#8222;schon ziemlich perfekt sein.&#8220; Die vier Rheder, die sich seit Kindergartentagen kennen und seit Teenagerzeiten zusammen Musik machen, sind alle Jahrgang 1948. Sie verbringen ihre Zeit nicht nur bei den Proben zusammen. Sie kegeln auch regelm\u00e4\u00dfig und fahren einmal im Jahr gemeinsam zur Mosel.\u00a0\u00a0\u00a0\u00a0\u00a0<\/div><div>Die CD &#8222;Querbeet&#8220; gibt bei den S\u00e4ngern.<\/div><div>\u00a0<\/div><div>\u00a0<\/div><\/div><\/div><\/div><\/div><\/div><\/div><\/div><\/div><\/div><div class=\"leading-1\"><div class=\"page-header\"><h2>Musik f\u00fcrs Herz \u00a9Wochenspiegel 21. 04. 1991<\/h2><\/div><p><strong>Lieder die von Herzen kamen, Lieder die zu Herzen gingen<\/strong><\/p><p>Bocholt. Die Sporker Musikanten und das Rheder M\u00e4nnerquartett veranstalteten im ausverkauften Sch\u00fctzenhaus ein Wohlt\u00e4tigkeitskonzert unter dem Motto \u201eMusik f\u00fcrs Herz&#8220;. Die Besucher kamen aus allen Altersschichten.<br \/>Tosender Beifall erhielt das Rheder M\u00e4nnerquartett nach ihren beiden Liedern. \u201eFrohes Wandern&#8220; und \u201eWohlauf in Gottes sch\u00f6ne Welt.&#8220; Diese vier Rheder Jungs verstehen die hohe Kunst des Gesanges. Sie singen seit 1975 zusammen und entstammen aus dem Bocholter Quartettverein. Sie wurden alle im gleichen Jahr geboren und sind seit der Schulzeit zusammen. Auch waren sie alle Pfadfinder.<br \/>Bevor der \u201eAndalusia Marsch&#8220; dem begeisterten Publikum vorgetragen wurde, sangen die Rheder die beiden St\u00fccke \u201eLockendes Venezia&#8220; und \u201eMala moja&#8220; (Sch\u00f6nes M\u00e4dchen). Nach der Pause war die gro\u00dfe Stunde des Rheder M\u00e4nnerquartetts gekommen. Sie hatten sich mittlerweile umgezogen und erschienen in schwarzwei\u00df karierten Jacken, wobei sie die Lieder \u201eRamona&#8220; und \u201eHello my Baby&#8220; sangen. Im Anschlu\u00df gab es eine humorvolle Speisekarte der vier Rheder&#8230;&#8230;&#8230;&#8230;<\/p><\/div><div class=\"leading-2\"><div class=\"page-header\"><h2>Musik, Kunst und Essen: Die Mischung macht es \u00a9 BBV 23. 10. 2008<\/h2><\/div><p><strong>Akkulinara<br \/><\/strong><\/p><p>Rhede (eda) \u201eWir wollen hier gar nicht mehr weg&#8220;, die Rheder B\u00fcrger f\u00fchlten sich so richtig wohl bei Wein, Tapas und spanisch angehauchter Musik im Tinto Fino. Aber so ging es auch den Teilnehmern der zweiten Akkulinara, die Station im Restaurant 1-25 oder im Kaffek\u00e4nneken machten.<br \/>Das Rheder M\u00e4nnerquartett untermalte das Boeuf Stroganow im Restaurant mit mehrstimmigem Gesang. Nach dem Essen schlug die ruhige, fast gediegene Atmosph\u00e4re ins Heitere um: \u201eDas M\u00e4nnerquartett war super&#8220;, schw\u00e4rmte Brigitte Kruse anschlie\u00dfend. Die G\u00e4ste forderten begeisternd eine Zugabe, die die S\u00e4nger selbstverst\u00e4ndlich lieferten.<\/p><\/div><div class=\"leading-3\"><div class=\"page-header\"><h2>Rheder Ch\u00f6re sangen das Fr\u00fchjahr herbei \u00a9 BBV 10. 05. 1988<\/h2><\/div><p><strong>270 S\u00e4ngerinnen und S\u00e4nger boten Lieder rund um den Fr\u00fchling<\/strong><\/p><p>Rhede (gre) Das \u201esch\u00f6ne Fr\u00fchjahr&#8220; wurde Sonntagabend von einem Gro\u00dfaufgebot an Stimmkraft herbei gesungen: In der Turnhalle des Rheder Schulzentrums fanden sich s\u00e4mtliche Rheder Ch\u00f6re zu einem Konzert unter dem Motto \u201eJetzt f\u00e4ngt das sch\u00f6ne Fr\u00fchjahr an&#8220;&#8230;&#8230;&#8230;<br \/>Nach den rhythmischen Liedern \u201eBist du jung&#8220; und \u201eLa Paloma&#8220; stand ein vorl\u00e4ufiger H\u00f6hepunkt auf dem Programm: Das M\u00e4nnerquartett Rhede gab \u201eFrohes Wandern&#8220; und \u201eHello my Baby&#8220; zum Besten. Obwohl sie zu viert in der akustisch doch recht trockenen Gro\u00dfturnhalle eigentlich benachteiligt waren, f\u00fcllten sie den Raum mit ihrem Stimmvolumen aus. Als besonderer Publikumsliebling erwiesen sich wieder das M\u00e4nnerquartett mit dem gelungenen Vortrag des \u201eAbendfrieden&#8220; von Franz Schubert.<\/p><\/div><div class=\"leading-4\"><div class=\"page-header\"><h2>Leichte Muse ernstgenommen: \u00a9 Borkener Volksblatt 26. 02. 1989<\/h2><\/div><p><strong>MGV Concordia Heiden lud zum Konzertnachmittag:<\/strong><\/p><p><strong>\u00dcber 800 Zuh\u00f6rer kamen in die Stadthalle<\/strong><\/p><p>Borken\/Heiden. \u201eEs klingt ein Lied&#8230;.&#8220;, wenn der MGV Concordia Heiden mit diesem Versprechen zum Konzertnachmittag einl\u00e4dt, dann ist ihm gro\u00dfer Publikumszuspruch sicher.<br \/>Die hohe Besucherzahl und die hohe Erwartungshaltung in einen Nachmittag der Muse haben\u00a0 ihren gemeinsamen Grund in der langj\u00e4hrigen Arbeit des Dirigenten, Arrangeurs und Programmgestalters Otto Groll&#8230;&#8230;&#8230;<br \/>Mit Josef Grunden (Ba\u00df) und dem Tenor Anton Denker stellten sich zwei seit vielen Konzerten gesch\u00e4tzte Vokalsolisten dem Publikum vor. In Tongestaltung und Anbindung an den Chorklang erneut verbessert, waren ihre Auftritte vom Publikum gefeierte H\u00f6hepunkte des Konzertes.<br \/>Neu war das Rheder M\u00e4nnerquartett, das mit Arrangements amerikanischer Folklore in ausgereifter, feinf\u00fchliger und zuweilen temperamentvoller Wiedergabe allein und im Zusammenspiel mit dem Chor interessante Akzente setzte&#8230;&#8230;&#8230;..<\/p><\/div><div class=\"leading-5\"><div class=\"page-header\"><h2>Weihnachtliche Lieder in der St.-Magdalena-Kirche \u00a9 WN 31. 12. 1996<\/h2><\/div><p><strong>Heitere Gel\u00f6stheit erf\u00fcllte alle Zuh\u00f6rer \/<\/strong>\u00a0<strong>Phantastische Stimmen begeistern<\/strong><\/p><p>Zu weihnachtlicher Musik hatte Sonntagnachmittag die katholische Pfarrgemeinde eingeladen. Rund 200 Besucher kamen zum Konzert in die Kirche St. Magdalena&#8230;&#8230;&#8230;..<\/p><p>Das Rheder M\u00e4nnerquartett f\u00fchrte die Zuh\u00f6rer von der Vielstimmigkeit der Hymnen zum k\u00fcnstlerischen Kanon. Eine geschickte Liedauswahl unterstrich die M\u00f6glichkeiten der S\u00e4nger. \u201eFrieden&#8220;, ein wenig gespieltes St\u00fcck von G. Fischer, regte zum Nachdenken an und gab am besten die Weihnachtsstimmung\u00a0 wieder. Vier russische Lieder standen auch auf dem Programm. Es war an diesem Nachmittag ein besonderer Leckerbissen, Weihnachtsst\u00fccke aus der Liturgie der orthodoxen Kirche zu h\u00f6ren. Den gregorianischen Ges\u00e4ngen des Mittelalters nicht un\u00e4hnlich, ergriffen die Lieder die Zuh\u00f6rer auf au\u00dfergew\u00f6hnliche Weise und wurden mit lautem Applaus gew\u00fcrdigt&#8230;<\/p><\/div><div class=\"leading-6\"><div class=\"page-header\"><h2>Solisten wurden immer wieder bejubelt \u00a9 DZ 20.12.1998<\/h2><\/div><p><strong>MGV \u2013 Konzert f\u00fcr Bulderns Hochwasseropfer<\/strong><\/p><p>Buldern (bol). Es war vieles anders beim Konzert des MGV Germania Buldern am Sonntag in der ST. Pankratius Pfarrkirche. Der Termin war verlegt worden, der Veranstaltungsort hatte sich wegen des Wasserschadens in der Turnhalle ge\u00e4ndert und die S\u00e4nger unter Leitung von Musikdirektor Otto Groll gaben die Probe ihrer Kunst zugunsten der Bulderner Hochwassergesch\u00e4digten. Das Konzert begann mit einem lockeren beschwingten \u201eHalleluja&#8220;&#8230;&#8230;&#8230;&#8230;..<\/p><p>Danach \u00fcberzeugte der eher humorvolle Aspekt in Weihnachtsliedern, dargeboten durch das Rheder M\u00e4nnerquartett. Ihr vierstimmiger A-capella-Gesang in \u201eAfter Dark, Barbershop&#8220; und \u201eCome let&#8217;s go down&#8220; bestach durch Pr\u00e4zision und Freude an der Harmonie&#8230;&#8230;&#8230;&#8230;&#8230;&#8230;.<\/p><\/div><div class=\"leading-7\"><div class=\"page-header\"><h2>Am liebsten singt das Quartett wie amerikanische Friseure \u00a9 BBV (ste)10.04.1989<\/h2><\/div><p><strong>Vier gleichaltrige Rheder mit der Lust am gemeinsamen Musizieren<\/strong><\/p><p>Rhede (ste). \u201eVeronika, der Lenz ist da!&#8220; Nein, das ist kein freudiger Jubelschrei \u00fcber den kommenden Fr\u00fchling, sondern eines der Lieder aus dem umfassenden Repertoire von vier S\u00e4ngern. Die vier, das sind Bernd Driver, Josef Thebingbu\u00df, Josef Grunden und Burghard Theling. Gemeinsam bilden sie seit fast f\u00fcnfzehn Jahren das Rheder M\u00e4nnerquartett. Zusammengehalten werden sie durch eine Idee: die Freude am gemeinsamen Singen.<br \/>Die geb\u00fcrtigen Rheder, alle Jahrgang 1948, kennen sich schon aus fr\u00fchester Kindheit. Zum Teil haben sie sogar gemeinsam die Schulbank gedr\u00fcckt. Auch bei den Pfadfindern mischten sie kr\u00e4ftig mit. \u201eDer Zusammenhalt war also schon fr\u00fch da&#8220;, erkl\u00e4rt Grunden. Beat-Musik war schlie\u00dflich in der Jugendzeit angesagt: In einer kleinen Band spielten die vier flotte Rhythmen. Anfang der 70er jedoch stellten sie ihre Instrumente in die Ecke und entdeckten ihre Talente als S\u00e4nger: sie meldeten sich im Bocholter Quartettverein an, in dem sie bis heute aktiv t\u00e4tig sind.<br \/>\u201eIm Quartettverein waren wir gl\u00fccklicherweise auf vier Stimmen verteilt,&#8220; erkl\u00e4rt Grunden, \u201eso lag es nahe, selbst etwas auf die Beine zu stellen.&#8220; Damit war die Gr\u00fcndung des<\/p><p>Rheder M\u00e4nnerquartetts 1975 beschlossene Sache. Seitdem singen Driver (1. Tenor), Thebingbu\u00df (2. Tenor), Grunden (1. Ba\u00df) und Theling (2. Ba\u00df) bekannte Volksmelodien, alte Chorlieder und sakrale Ges\u00e4nge bis hin zu St\u00fccken zeitgen\u00f6ssischer Komponisten. Werke aus Klassik und Romantik sind ebenso angesagt wie alte Beatles-Hits, die sich bei der vierk\u00f6pfigen Besetzung geradezu anbieten. Am allerliebsten jedoch singt das Quartett \u201eBarbershop&#8220;. \u201eBarbershop?&#8220; \u201eJa, Barbershop&#8220;,&#8220; erl\u00e4utert Grunden und gibt die deutsche \u00dcbersetzung gleich mit. \u201eFriseurladen&#8220; \u201eBarbershop&#8220; ist eine Musikrichtung, die sich bei den Friseuren in Amerika entwickelt hat. Der Grund, warum gerade die Friseure anfingen zu singen, ist klar. \u00dcblicherweise wurde in den L\u00e4den Alkohol ausgeschenkt, so da\u00df es in den Salons, immer sehr lebhaft und heiter zuging&#8220;.\u00a0\u00a0\u00a0\u00a0\u00a0\u00a0\u00a0\u00a0\u00a0\u00a0\u00a0\u00a0\u00a0\u00a0\u00a0\u00a0\u00a0\u00a0\u00a0\u00a0\u00a0\u00a0\u00a0\u00a0\u00a0\u00a0\u00a0\u00a0\u00a0\u00a0\u00a0\u00a0\u00a0\u00a0\u00a0\u00a0\u00a0\u00a0\u00a0\u00a0\u00a0\u00a0\u00a0\u00a0\u00a0\u00a0\u00a0\u00a0\u00a0\u00a0\u00a0\u00a0\u00a0\u00a0\u00a0\u00a0\u00a0\u00a0\u00a0\u00a0 \u201eHello, ma baby&#8220; hei\u00dft eines dieser humorvollen Lieder, die ein wenig an amerikanische Folklore erinnern und die \u201eimmer etwas ganz anderes, besonderes darstellen.&#8220; Zu dem abwechslungsreichen Repertoire geh\u00f6ren auch \u201eAm Himmel da funkeln Sterne&#8220; oder &#8222;Der Speisezettel&#8220;, eine Aufz\u00e4hlung aller m\u00f6glichen Fleischsorten und Gerichte. \u201eWo immer wir dieses Lied singen, sprechen die Leute nachher nur noch vom Speisezettel,&#8220; wissen die vier zu berichten. Anl\u00e4sse, bei denen die reinen Amateure auftreten, gibt es genug: ob bei Weihnachts- oder Betriebsfesten, Gottesdiensten oder Kirchenchorkonzerten, das M\u00e4nnerquartett ist dabei.<br \/>Sogar im Rundfunk waren die vier schon zu h\u00f6ren und zwar im vergangenen Oktober, als der WDR mit seiner Sendung \u201eWDR unterwegs&#8220; Station in Rhede machte.<br \/>Doch nicht nur in Rhede und Umgebung ist die Truppe bekannt. Auch in Heidelberg, Essen und Ibbenb\u00fcren trat sie schon auf die B\u00fchne.<br \/>Im Bocholter Quartettverein sind die vier l\u00e4ngst zu seinem festen Bestandteil geworden. \u201eDem Leiter Otto Groll haben wir sehr viel zu verdanken, denn ohne ihn h\u00e4tten wird das alles nie erreicht,&#8220; darin sind sich alle einig. Die Proben nehmen sie sehr genau, schlie\u00dflich machen sie bei fast jedem Treffen eine Bandaufnahme, so da\u00df \u201ewir genau h\u00f6ren k\u00f6nnen, wo es noch hapert.&#8220; Denn: \u201eMikrophone l\u00fcgen nicht.&#8220;<br \/>F\u00fcr alle, die das M\u00e4nnerquartett noch nicht kennen, hier ein kleiner Tipp: am Pfingstwochenende steht der n\u00e4chste Auftritt bevor. Anla\u00df ist die Besiegelung der St\u00e4dtepartnerschaft zwischen La Ferte und Rhede.<\/p><\/div><div class=\"leading-8\"><div class=\"page-header\"><h2>Regionale Volkslieder und einige spanisch inspirierte Liederzyklen \/ \u00a9 DZ 10.11.1991<\/h2><\/div><p><strong>Werke der leichten Muse mit der notwendigen Ernsthaftigkeit pr\u00e4sentiert<\/strong><\/p><p>D\u00fclmen (re). In beeindruckender Form pr\u00e4sentierte sich am Sonntagnachmittag die Chorgemeinschaft D\u00fclmen bei Ihrem Hauptkonzert. Schwerpunkt des Programms bildeten<br \/>regionale Volkslieder und einige spanisch inspirierte Liederzyklen von Chorleiter Otto Groll.<br \/>Zun\u00e4chst er\u00f6ffnete der Chor mit einem rein vokalen Programm das Konzert, wobei es Otto Groll verstand durch souver\u00e4ne vibrierende Zeichengebung das gro\u00dfe Stimmmaterial des Chores einzusetzen.<br \/>Von gleicher Qualit\u00e4t pr\u00e4sentierten sich die ersten G\u00e4ste. Das Rheder M\u00e4nnerquartett trug Barbershopsongs vor die unzweifelhaft zeigten, da\u00df in diesen rhythmischen Ges\u00e4ngen auch der Jazzgesang seine Wurzeln hat. Trotz dieses Kontrastprogramms f\u00fcgte sich der Vortrag harmonisch in das vorangegangene Chorprogramm ein.<\/p><\/div><div class=\"leading-9\"><div class=\"page-header\"><h2>S\u00e4nger erf\u00fcllen sich Wunsch nach eigener CD \/ \u00a9 BBV 31.08.2000<\/h2><\/div><p><strong>\u201eRheder M\u00e4nnerquartett&#8220; spielt A-capella-Songs ein<\/strong><\/p><p>Rhede (sh). Die vier Herren mit dem Faible f\u00fcr A-capella-Gesang erf\u00fcllen sich jetzt einen lang gehegten Wunsch. Das Rheder M\u00e4nnerquartett bringt seine erste CD heraus. In ein bis zwei Wochen hoffen die S\u00e4nger den frisch gepressten Silberling vorlegen zu k\u00f6nnen. Seit inzwischen 25 Jahren machen Bernd Driver, Josef Thebingbu\u00df, Josef Grunden und Burghard Theling gemeinsam Musik. Auftritte hatten die Rheder bereits eine Menge, auch schon live im Rundfunk, berichtet Josef Thebingbu\u00df. Irgendwann in dieser Zeit kam der Wunsch nach einer eigenen Aufnahme.<\/p><p>Nach \u201edrei bis vier Jahren Vorlaufzeit&#8220; soll dieser Wunsch nun p\u00fcnktlich zum 25-j\u00e4hrigen Jubil\u00e4um verwirklicht werden. Mark Theling, Sohn von Burghard Theling, habe f\u00fcr die Technik gesorgt und die CD aufgenommen. Nun warten die S\u00e4nger auf das fertige Produkt. 16 Titel hat das M\u00e4nnerquartett eingespielt. Die Auswahl reicht vom \u201eSpeisezettel&#8220; \u00fcber \u201eMary Lou&#8220; bis zu Hits von den Comedian Harmonists wie \u201eMein kleiner gr\u00fcner Kaktus&#8220;. Das Fazit des M\u00e4nnerquartetts nach der ersten CD-Einspielung: \u201eEs hat sich gelohnt&#8220;.<\/p><\/div><div class=\"leading-10\"><div class=\"page-header\"><h2>Hauptkonzerte des Quartettverein Bocholt 2003 \/ \u00a9 BBV 15.12.2003<\/h2><\/div><p><strong>Hauptkonzerte: am 13.12. &#8211; 20.12. &#8211; 21.12.03 des &#8222;Quartettverein Bocholt&#8220;<\/strong><\/p><p><strong>Das Pr\u00e4dikat &#8222;Meisterchor&#8220; bleibt<\/strong><\/p><p>Vor f\u00fcnfzig Jahren erhielt der Quartettverein das Pr\u00e4dikat&#8220; Meisterchor im S\u00e4ngerbund NRW&#8220;. Grund genug, das Jubil\u00e4um jetzt mit einem schwungvollen Konzert zu feiern.<br \/>Unter dem bew\u00e4hrten Dirigat von Otto Groll stellten die Bocholter ein buntes Programm&#8230;&#8230;&#8230;.<br \/>Dass f\u00fcr den Sologesang der junge Tenor Daniel Behle (Hamburg) verpflichtet werden konnte, erwies sich als Gl\u00fccksgriff&#8230;&#8230;&#8230;<\/p><p>Ein k\u00f6stliches Duett zwischen Behle und dem<strong>\u00a0Bariton Josef Grunden\u00a0<\/strong>schloss sich an &#8211; die beiden trugen das &#8222;Solenne in quest`ora&#8220; aus Giuseppe Verdis &#8222;Die Macht des Schicksals&#8220; vor. Und mit Verdis rauschendem Trinklied (aus &#8222;La Traviata&#8220;) unterstrich der ambitionierte Tenor einmal mehr, dass er sich auch f\u00fcr das dramatische Fach eignet. Seine aparten Wechsel mit den feurigen Chorstafetten z\u00e4hlten zu den H\u00f6hepunkten des Konzerts. Zu diesem trug auch<strong>\u00a0das Rheder M\u00e4nner-Quartett\u00a0<\/strong>in Comedian-Harmonist-Manier ein Scherflein bei.<\/p><p>Ausschnitt aus dem o.g. Bericht im Bocholter-Borkener Volksblatt vom 15. Dezember 2003 Michael Stukowski.<\/p><\/div><div class=\"leading-11\"><div class=\"page-header\"><h2>Uns kann nur der Tod scheiden \/ \u00a9 BBV 29.12.2008<\/h2><\/div><p><strong>Rhede macht Musik<\/strong><\/p><p>Das Rheder M\u00e4nner-Quartett kennt sich aus der Sandkiste, schon bei den Pfadfindern haben die vier gesungen. Heute \u00fcben sie &#8222;Auf Wiedersehn, My Dear&#8220;, singen gemeinsam im Chor, kegeln und fahren zusammen an die Mosel, nat\u00fcrlich auch zum Singen.<\/p><p>Rhede. Die musikalische Karriere des Rheder M\u00e4nnerquartetts begann bei den Pfadfindern, oder doch schon in der Sandkiste? Jedenfalls: Bernd Driver, Josef Thebingbu\u00df, Josef Grunden und Burghard Theling kennen sich seit Kindertagen und schon sehr fr\u00fch war Musik ein gemeinsames Hobby. &#8222;Mit 16 haben wir eine Beat-Band gegr\u00fcndet&#8220;, erz\u00e4hlt Josef Grunden.<br \/>&#8222;The Dandys&#8220; nannten sich die vier damals, und sie spielten die Songs der Beatles und der Rolling Stones bei Tanztees.Die Beat-Zeit dauerte nur zweieinhalb Jahre, denn die Bundeswehr riss die Freunde auseinander. Anschlie\u00dfend ging es jedoch weiter: Die vier Rheder entdeckten den M\u00e4nnerchor f\u00fcr sich. Seit inzwischen \u00fcber 30 Jahren singen sie gemeinsam im Bocholter Quartettverein(zehnmaliger Meisterchor), Bernd Driver als erster Tenor, Josef Thebingbu\u00df als zweiter Tenor, Josef Grunden als erster Bass und Burghard Theling als zweiter Bass. &#8222;Das die Stimmen so passten, war F\u00fcgung&#8220;, sagt Thebingbu\u00df.<\/p><p>Selbstst\u00e4ndig machten sich die vier Rheder 1975. &#8222;Wir sind zum ersten Mal beim B\u00fchnenspielverein \u00f6ffentlich aufgetreten. In einem Singspiel war auch ein Chor dabei und wir haben den Chor gespielt&#8220;, erz\u00e4hlt Josef Grunden.<\/p><p>Was ganz zu Anfang als Barber-Shop-Gruppe geplant war, wurde sehr bald zur vielseitigen Gesangsformation. &#8222;Wir haben schnell gemerkt, dass wir mehr Erfolg haben, wenn wir unser Repertoire breiter f\u00e4chern&#8220;, sagt Grunden. Schlager, Kirchenmusik, Pop, Klassik, all das findet sich beim M\u00e4nnerquartett. &#8222;Aber es gibt sieben, acht St\u00fccke, das sind die Rosinen, die sind einfach gut, die werden immer wieder verlangt. Zum Beispiel der Speisezettel, den will jeder auch nach 30 Jahren noch h\u00f6ren&#8220;, sagt Driver. Ebenfalls beliebt: &#8222;Wenn Teenager tr\u00e4umen&#8220;, &#8222;Hello Mary Lou&#8220;, Songs von Udo J\u00fcrgens oder Eric Clapton, auch von Schubert. &#8222;Was immer verlangt wird, ist der kleine gr\u00fcne Kaktus&#8220;, sagt Grunden und l\u00f6st damit einen tiefen Seufzer bei Burghard Theling aus: &#8222;Das ist sooo abgedroschen.&#8220; Doch dem Publikum gef\u00e4llt es.<\/p><p>Zurzeit probt das Rheder M\u00e4nnerquartett an &#8222;Auf Wiedersehen My Dear&#8220;, das besser bekannt als: &#8220; Gib mir den letzten Abschiedskuss&#8230;..&#8220; Und die vier nehmen ihre zweite CD auf. Nur f\u00fcr Freunde und Verwandte: &#8222;Wir wollen f\u00fcr uns unsere Arbeit auf einem gewissen Niveau festhalten und f\u00fcr uns verewigen&#8220;, sagt Driver.<br \/>Wie es weiter geht mit den musikalischen Freunden? Josef Grunden hat da konkrete Vorstellungen: &#8222;Uns kann nur der Tod scheiden.&#8220; Dazu hat Bernd Driver allerdings eine Frage:<br \/>&#8222;Aber wer soll dann auf unserer Beerdigung singen?&#8220;<\/p><p>Bericht: 29. Dezember 2008 im BBV von Eva Dahlmann<\/p><\/div>\t\t\t\t\t\t<\/div>\n\t\t\t\t<\/div>\n\t\t\t\t\t<\/div>\n\t\t\t\t<\/div>\n\t\t\t\t\t\t\t<\/div>\n\t\t","protected":false},"excerpt":{"rendered":"<p>&#8222;Querbeet&#8220; mit dem M\u00e4nner-Quartett c. BBV 26.11.2011 (sh) Neue CD der S\u00e4nger ist ab sofort im B\u00fcrgerb\u00fcro zu haben \/ Von Kirchenliedern bis Pop Die vier Freunde\u00a0(von links)Josef Thebinbu\u00df,Bernd Driver,Josef Grunden undBurghard Thelingbilden dasRheder M\u00e4nner-Quartett.\u00a0Rhede\u00a0 (sh). Ihre erste CD brachten die vier Freunde vor gut zehn Jahren heraus, die zweite war nur f\u00fcr Familie und [&hellip;]<\/p>\n","protected":false},"author":1,"featured_media":0,"parent":0,"menu_order":0,"comment_status":"closed","ping_status":"closed","template":"elementor_header_footer","meta":{"footnotes":""},"class_list":["post-255","page","type-page","status-publish","hentry"],"_links":{"self":[{"href":"https:\/\/rheder-maennerquartett.de\/index.php?rest_route=\/wp\/v2\/pages\/255","targetHints":{"allow":["GET"]}}],"collection":[{"href":"https:\/\/rheder-maennerquartett.de\/index.php?rest_route=\/wp\/v2\/pages"}],"about":[{"href":"https:\/\/rheder-maennerquartett.de\/index.php?rest_route=\/wp\/v2\/types\/page"}],"author":[{"embeddable":true,"href":"https:\/\/rheder-maennerquartett.de\/index.php?rest_route=\/wp\/v2\/users\/1"}],"replies":[{"embeddable":true,"href":"https:\/\/rheder-maennerquartett.de\/index.php?rest_route=%2Fwp%2Fv2%2Fcomments&post=255"}],"version-history":[{"count":8,"href":"https:\/\/rheder-maennerquartett.de\/index.php?rest_route=\/wp\/v2\/pages\/255\/revisions"}],"predecessor-version":[{"id":449,"href":"https:\/\/rheder-maennerquartett.de\/index.php?rest_route=\/wp\/v2\/pages\/255\/revisions\/449"}],"wp:attachment":[{"href":"https:\/\/rheder-maennerquartett.de\/index.php?rest_route=%2Fwp%2Fv2%2Fmedia&parent=255"}],"curies":[{"name":"wp","href":"https:\/\/api.w.org\/{rel}","templated":true}]}}